{"id":468,"date":"2025-12-11T11:30:49","date_gmt":"2025-12-11T14:30:49","guid":{"rendered":"https:\/\/mayarabandeira.com.br\/?page_id=468"},"modified":"2025-12-11T13:21:21","modified_gmt":"2025-12-11T16:21:21","slug":"curriculo-mayara-cristine-bandeira-de-lima","status":"publish","type":"page","link":"https:\/\/mayarabandeira.com.br\/?page_id=468","title":{"rendered":"Curr\u00edculo \u2013 Mayara Cristine Bandeira de Lima"},"content":{"rendered":"\n<h1 class=\"wp-block-heading\" style=\"font-size:32px\">Sobre<\/h1>\n\n\n\n<p>Controladora-Geral do Estado do Acre, vice-presidente do Conselho Nacional de Controle Interno \u2013 CONACI, advogada, formada pela Universidade Federal de Rond\u00f4nia (UNIR) e natural de Cruzeiro do Sul, AC, foi Presidente da Ag\u00eancia Reguladora de Servi\u00e7os P\u00fablicos do Estado do Acre \u2013 AGEAC, por 4 anos, foi Conselheira Fiscal do Conselho Nacional de Controle Interno \u2013 CONACI. Com especializa\u00e7\u00e3o em Direito Civil, Direito Constitucional e Direito P\u00fablico (UNIDERP), ela atuou como advogada nas \u00e1reas civil, empresarial e p\u00fablica entre os anos 2007 a 2019. Al\u00e9m disso, exerceu os cargos de Conciliadora do Tribunal de Justi\u00e7a do Estado do Acre, Assessora Jur\u00eddica na Advocacia Geral da Uni\u00e3o (AGU) e Diretora na Associa\u00e7\u00e3o Brasileira de Ag\u00eancias de Regula\u00e7\u00e3o (ABAR), no bi\u00eanio 2020\/2022. Tamb\u00e9m foi membro da C\u00e2mara T\u00e9cnica de Assuntos Jur\u00eddicos e Institucionais, Governan\u00e7a e Controle Social \u2013 CTJI\/GCS\/ABAR, prestando relevantes servi\u00e7os \u00e0 regula\u00e7\u00e3o&nbsp;brasileira.<\/p>\n\n\n\n<div style=\"height:20px\" aria-hidden=\"true\" class=\"wp-block-spacer\"><\/div>\n\n\n\n<h2 class=\"wp-block-heading\" style=\"font-size:26px\">Forma\u00e7\u00e3o Acad\u00eamica<\/h2>\n\n\n\n\n\n<ul class=\"wp-block-list\">\n<li style=\"font-size:16px\">Bacharel em Direito \u2013 Universidade Federal de Rond\u00f4nia \u2013 UNIR (2007)<\/li>\n\n\n\n<li style=\"font-size:16px\">OAB\/RO n\u00ba 3960 (2007)<\/li>\n\n\n\n<li style=\"font-size:16px\">OAB\/AC n\u00ba 3580 (2011)<\/li>\n\n\n\n<li style=\"font-size:16px\">P\u00f3s-gradua\u00e7\u00e3o em Direito P\u00fablico \u2013 UNIDERP \/ LFG (2011)<\/li>\n\n\n\n<li style=\"font-size:16px\">P\u00f3s-gradua\u00e7\u00e3o em Direito de Fam\u00edlias e Sucess\u00f5es \u2013 Faculdade Dam\u00e1sio (2019)<\/li>\n\n\n\n<li style=\"font-size:16px\">MBA em Direito Constitucional \u2013 Faculdade CERS (2022)<\/li>\n\n\n\n<li style=\"font-size:16px\">Atestado de capacidade t\u00e9cnica em Gerenciamento de Riscos Estrat\u00e9gicos \u2013 A.M.K Cursos (2024)<\/li>\n<\/ul>\n\n\n\n<div style=\"height:20px\" aria-hidden=\"true\" class=\"wp-block-spacer\"><\/div>\n\n\n\n<h2 class=\"wp-block-heading\" style=\"font-size:26px\">Experi\u00eancia Profissional<\/h2>\n\n\n\n\n\n<h3 class=\"wp-block-heading\" style=\"font-size:22px\"><strong>\u00d3rg\u00e3os P\u00fablicos<\/strong><\/h3>\n\n\n\n<div class=\"wp-block-columns is-layout-flex wp-container-core-columns-is-layout-28f84493 wp-block-columns-is-layout-flex\">\n<div class=\"wp-block-column is-layout-flow wp-block-column-is-layout-flow\" style=\"flex-basis:100%\">\n<div class=\"wp-block-group is-vertical is-layout-flex wp-container-core-group-is-layout-98bb686d wp-block-group-is-layout-flex\">\n<div class=\"wp-block-group\"><div class=\"wp-block-group__inner-container is-layout-constrained wp-container-core-group-is-layout-19e250f3 wp-block-group-is-layout-constrained\">\n<h4 class=\"wp-block-heading\" style=\"font-size:18px\"><strong>Advocacia-Geral da Uni\u00e3o \u2013 AGU<\/strong><\/h4>\n\n\n\n<p>Assessora Jur\u00eddica (2007\u20132008)<\/p>\n<\/div><\/div>\n<\/div>\n\n\n\n<div class=\"wp-block-group is-vertical is-layout-flex wp-container-core-group-is-layout-4b827052 wp-block-group-is-layout-flex\">\n<h4 class=\"wp-block-heading\" style=\"font-size:18px\"><strong>Tribunal de Justi\u00e7a do Estado do Acre<\/strong><\/h4>\n\n\n\n<p>Conciliadora do 1\u00ba Juizado Especial C\u00edvel (2009\u20132010)<\/p>\n<\/div>\n\n\n\n<div class=\"wp-block-group is-vertical is-layout-flex wp-container-core-group-is-layout-4b827052 wp-block-group-is-layout-flex\">\n<h4 class=\"wp-block-heading\" style=\"font-size:18px\"><strong>Ag\u00eancia Reguladora dos Servi\u00e7os P\u00fablicos do Estado do Acre \u2013 AGEAC<\/strong><\/h4>\n\n\n\n<ul style=\"font-size:16px\" class=\"wp-block-list\">\n<li>Gerente de Assuntos Jur\u00eddicos (2011\u20132012)<\/li>\n\n\n\n<li>Presidente em exerc\u00edcio (2011\u20132012)<\/li>\n\n\n\n<li>Presidente interina (2019)<\/li>\n\n\n\n<li>Presidente com mandato (2019\u20132023)<\/li>\n\n\n\n<li>Atua\u00e7\u00e3o em gest\u00e3o p\u00fablica, elabora\u00e7\u00e3o de normas, fiscaliza\u00e7\u00e3o e controle dos servi\u00e7os p\u00fablicos.<\/li>\n<\/ul>\n<\/div>\n\n\n\n<div class=\"wp-block-group is-vertical is-layout-flex wp-container-core-group-is-layout-4b827052 wp-block-group-is-layout-flex\">\n<h4 class=\"wp-block-heading\" style=\"font-size:18px\"><strong>Controladoria-Geral do Estado do Acre \u2013 CGE\/AC<\/strong><\/h4>\n\n\n\n<p style=\"font-size:16px\">Controladora-Geral do Estado, nomeada em 05\/05\/2023.<\/p>\n<\/div>\n\n\n\n<div class=\"wp-block-group is-vertical is-layout-flex wp-container-core-group-is-layout-4b827052 wp-block-group-is-layout-flex\">\n<h4 class=\"wp-block-heading\" style=\"font-size:18px\"><strong>CONACI \u2013 Conselho Nacional de Controle Interno<\/strong><\/h4>\n\n\n\n<ul class=\"wp-block-list\">\n<li style=\"font-size:16px\">Conselheira Fiscal (2023\u20132025)<\/li>\n\n\n\n<li style=\"font-size:16px\">Vice-Presidente (2025)<\/li>\n<\/ul>\n<\/div>\n\n\n\n<div class=\"wp-block-group is-vertical is-layout-flex wp-container-core-group-is-layout-4b827052 wp-block-group-is-layout-flex\">\n<h4 class=\"wp-block-heading\" style=\"font-size:18px\"><strong>ABAR \u2013 Associa\u00e7\u00e3o Brasileira de Ag\u00eancias de Regula\u00e7\u00e3o<\/strong><\/h4>\n\n\n\n<ul class=\"wp-block-list\">\n<li>Conselheira Fiscal (2023\u20132025)<\/li>\n\n\n\n<li style=\"font-size:16px\">Vice-Presidente (2025)<\/li>\n<\/ul>\n<\/div>\n\n\n\n\n\n<div class=\"wp-block-group\"><div class=\"wp-block-group__inner-container is-layout-constrained wp-container-core-group-is-layout-e0082cf6 wp-block-group-is-layout-constrained\"><\/div><\/div>\n<\/div>\n\n\n\n<div class=\"wp-block-column is-layout-flow wp-block-column-is-layout-flow\"><\/div>\n<\/div>\n\n\n\n<div class=\"wp-block-group\"><div class=\"wp-block-group__inner-container is-layout-constrained wp-container-core-group-is-layout-19e250f3 wp-block-group-is-layout-constrained\">\n<div class=\"wp-block-group\"><div class=\"wp-block-group__inner-container is-layout-constrained wp-block-group-is-layout-constrained\"><\/div><\/div>\n<\/div><\/div>\n\n\n\n<h3 class=\"wp-block-heading\" style=\"font-size:22px\">Escrit\u00f3rios de Advocacia<\/h3>\n\n\n\n<h4 class=\"wp-block-heading\" style=\"font-size:18px\"><strong>Bezerra, Cardoso e Lima Advogados Associados<\/strong><\/h4>\n\n\n\n<p style=\"font-size:16px\">S\u00f3cia-propriet\u00e1ria (2008\u20132009)<br>Atua\u00e7\u00e3o na \u00e1rea c\u00edvel.<\/p>\n\n\n\n<h4 class=\"wp-block-heading\" style=\"font-size:18px\"><strong>Mayara Lima Advogados Associados<\/strong><\/h4>\n\n\n\n<p style=\"font-size:16px\">S\u00f3cia-propriet\u00e1ria (2012\u20132013)<br>Atua\u00e7\u00e3o empresarial, c\u00edvel e trabalhista.<br>Clientes: Porto.Com Inform\u00e1tica, Grupo Petr\u00f3polis.<\/p>\n\n\n\n<h4 class=\"wp-block-heading\" style=\"font-size:18px\"><strong>Pal\u00e1cio Dantas Advogados<\/strong><\/h4>\n\n\n\n<p style=\"font-size:16px\">Advogada Associada (2013\u20132014)<br>Clientes: Supermercado Ara\u00fajo, Coca-Cola, Auto Posto Floresta, Madeireira Triunfo.<\/p>\n\n\n\n<h4 class=\"wp-block-heading\" style=\"font-size:18px\"><strong>D\u00e9cio Freire Advogados<\/strong><\/h4>\n\n\n\n<p style=\"font-size:16px\">Advogada Associada (2014)<br>Cliente principal: Eletroacre.<br>Atua\u00e7\u00e3o na Justi\u00e7a do Trabalho e C\u00edvel.<\/p>\n\n\n\n<h4 class=\"wp-block-heading\" style=\"font-size:18px\"><strong>Bordignon e Rocha Advogados<\/strong><\/h4>\n\n\n\n<p style=\"font-size:16px\">Advogada Associada (2014\u20132016)<br>Clientes: Barriga Verde, Rommanel, Acrediesel, Xapuri Motors, entre outros.<\/p>\n\n\n\n<h4 class=\"wp-block-heading\" style=\"font-size:18px\"><strong>Callil, Carvalho e Castro \u2013 Advogados Associados<\/strong><\/h4>\n\n\n\n<p style=\"font-size:16px\">Advogada Associada (2016\u2013atual)<br>Atua\u00e7\u00e3o na \u00e1rea c\u00edvel, todas as inst\u00e2ncias.<br>Clientes principais: FIEAC, Prefeitura de Sena Madureira, Green Garden Condom\u00ednios, V. Sperotto, Grupo Bet\u00e3o.<\/p>\n\n\n\n<div class=\"wp-block-group\"><div class=\"wp-block-group__inner-container is-layout-constrained wp-block-group-is-layout-constrained\">\n<div class=\"wp-block-group\"><div class=\"wp-block-group__inner-container is-layout-constrained wp-container-core-group-is-layout-e0082cf6 wp-block-group-is-layout-constrained\">\n<div style=\"height:20px\" aria-hidden=\"true\" class=\"wp-block-spacer\"><\/div>\n<\/div><\/div>\n<\/div><\/div>\n\n\n\n<div class=\"wp-block-group\"><div class=\"wp-block-group__inner-container is-layout-constrained wp-container-core-group-is-layout-e0082cf6 wp-block-group-is-layout-constrained\"><\/div><\/div>\n\n\n\n<h2 class=\"wp-block-heading\" style=\"font-size:26px\">Aperfei\u00e7oamento, Cursos e Capacita\u00e7\u00f5es<\/h2>\n\n\n\n<h3 class=\"wp-block-heading\" style=\"font-size:22px\">Cursos Relevantes<\/h3>\n\n\n\n<ul class=\"wp-block-list\">\n<li style=\"font-size:16px\">Curso Intensivo Carreiras Jur\u00eddicas I \u2013 LFG (414h \u2013 2007\/2008)<\/li>\n\n\n\n<li style=\"font-size:16px\">Curso Intensivo Carreiras Jur\u00eddicas II \u2013 LFG (414h \u2013 2008\/2009)<\/li>\n\n\n\n<li style=\"font-size:16px\">Curso Intensivo AGU \u2013 LFG (118h \u2013 2008\/2009)<\/li>\n\n\n\n<li style=\"font-size:16px\">Curso Extensivo G7 Jur\u00eddico \u2013 Promotor de Justi\u00e7a (502h \u2013 2020)<\/li>\n\n\n\n<li style=\"font-size:16px\">Gest\u00e3o Estrat\u00e9gica para Ag\u00eancias Reguladoras \u2013 ABAR (2020)<\/li>\n\n\n\n<li style=\"font-size:16px\">Planejamento de Auditoria Baseado em Riscos \u2013 IDCT (2024)<\/li>\n\n\n\n<li style=\"font-size:16px\">Construindo a Estrat\u00e9gia da Auditoria \u2013 IDCT (2024)<\/li>\n\n\n\n<li style=\"font-size:16px\">Controles Internos e Auditoria Governamental (2025)<\/li>\n<\/ul>\n\n\n\n<h3 class=\"wp-block-heading\" style=\"font-size:22px\">Congressos e Semin\u00e1rios<\/h3>\n\n\n\n<p>Participa\u00e7\u00e3o em diversos eventos jur\u00eddicos desde 2002, incluindo:<\/p>\n\n\n\n<ul class=\"wp-block-list\">\n<li style=\"font-size:16px\">I Congresso de Direito P\u00fablico \u2013 PGE\/RO<\/li>\n\n\n\n<li style=\"font-size:16px\">Confer\u00eancia Internacional de Direito Ambiental \u2013 TJ\/OAB (2005)<\/li>\n\n\n\n<li style=\"font-size:16px\">14\u00ba Congresso sobre Transporte de Passageiros \u2013 Fetranspor (2012)<\/li>\n\n\n\n<li style=\"font-size:16px\">XI Congresso Brasileiro de Regula\u00e7\u00e3o &amp; Expo ABAR (2019)<\/li>\n<\/ul>\n\n\n\n<h3 class=\"wp-block-heading\" style=\"font-size:22px\">Certifica\u00e7\u00f5es e Aprova\u00e7\u00f5es<\/h3>\n\n\n\n<ul class=\"wp-block-list\">\n<li style=\"font-size:16px\">Aprovada no concurso do Tribunal de Contas do Estado do Acre (2009)<\/li>\n\n\n\n<li style=\"font-size:16px\">Aprovada no concurso do Tribunal de Justi\u00e7a do Acre \u2013 Conciliadora (2009)<\/li>\n<\/ul>\n\n\n\n\n\n<h2 class=\"wp-block-heading\" style=\"font-size:26px\">Elogios e Condecora\u00e7\u00f5es<\/h2>\n\n\n\n<ul class=\"wp-block-list\">\n<li style=\"font-size:16px\">Elogio AGEAC pela coordena\u00e7\u00e3o da Lei do Transporte Intermunicipal de Passageiros (2013)<\/li>\n\n\n\n<li style=\"font-size:16px\">Medalha Mulher Acreana \u2013 Corpo de Bombeiros Militar do Acre (2024)<\/li>\n\n\n\n<li style=\"font-size:16px\">Medalh\u00e3o da Capelania \u2013 Pol\u00edcia Militar do Acre (2024)<\/li>\n\n\n\n<li style=\"font-size:16px\">Reconhecimento Institucional \u2013 Controladoria-Geral do Estado do Acre (2025)<\/li>\n\n\n\n<li style=\"font-size:16px\">Trof\u00e9u \u201cDestaque \u2013 Mulheres que Transformam\u201d (2025)<\/li>\n\n\n\n<li style=\"font-size:16px\">Placa de Disciplina \u2013 Prefeitura de Rio Branco (2025)<\/li>\n\n\n\n<li style=\"font-size:16px\">Medalha do M\u00e9rito Mulher Acreana \u2013 CBMAC (2025)<\/li>\n<\/ul>\n\n\n\n\n\n<h2 class=\"wp-block-heading\" style=\"font-size:26px\">Trabalhos Jur\u00eddicos e Artigos Publicados<\/h2>\n\n\n\n<div class=\"wp-block-group is-vertical is-layout-flex wp-container-core-group-is-layout-fe9cc265 wp-block-group-is-layout-flex\">\n<ul class=\"wp-block-list\">\n<li style=\"font-size:16px\"><strong>Monografia (2007)Monografia (2007)<\/strong>                                                                                                                       \u201cAspectos Jur\u00eddicos dos Recursos H\u00eddricos no Brasil\u201d<\/li>\n\n\n\n<li><strong>Artigos<\/strong>\n<ul class=\"wp-block-list\">\n<li style=\"font-size:16px\"><em>AGEAC \u2013 Fundamental para o desenvolvimento dos servi\u00e7os p\u00fablicos do Acre<\/em> (2020)<\/li>\n\n\n\n<li style=\"font-size:16px\"><em>\u00c9tica no servi\u00e7o p\u00fablico: um compromisso que se renova<\/em> (2025)<\/li>\n\n\n\n<li style=\"font-size:16px\"><em>18 anos de Controle, Integridade e Transpar\u00eancia<\/em> (2025)<\/li>\n\n\n\n<li style=\"font-size:16px\"><em>Integridade p\u00fablica: pilar essencial da boa governan\u00e7a<\/em> (2025)<\/li>\n<\/ul>\n<\/li>\n<\/ul>\n<\/div>\n","protected":false},"excerpt":{"rendered":"<p>Sobre Controladora-Geral do Estado do Acre, vice-presidente do Conselho Nacional de Controle Interno \u2013 CONACI, advogada, formada pela Universidade Federal de Rond\u00f4nia (UNIR) e natural de Cruzeiro do Sul, AC, foi Presidente da Ag\u00eancia Reguladora de Servi\u00e7os P\u00fablicos do Estado do Acre \u2013 AGEAC, por 4 anos, foi Conselheira Fiscal do Conselho Nacional de Controle [&hellip;]<\/p>\n","protected":false},"author":1,"featured_media":0,"parent":0,"menu_order":0,"comment_status":"closed","ping_status":"closed","template":"","meta":{"saved_in_kubio":true,"footnotes":""},"class_list":["post-468","page","type-page","status-publish","hentry"],"kubio_ai_page_context":{"short_desc":"","purpose":"general"},"_links":{"self":[{"href":"https:\/\/mayarabandeira.com.br\/index.php?rest_route=\/wp\/v2\/pages\/468","targetHints":{"allow":["GET"]}}],"collection":[{"href":"https:\/\/mayarabandeira.com.br\/index.php?rest_route=\/wp\/v2\/pages"}],"about":[{"href":"https:\/\/mayarabandeira.com.br\/index.php?rest_route=\/wp\/v2\/types\/page"}],"author":[{"embeddable":true,"href":"https:\/\/mayarabandeira.com.br\/index.php?rest_route=\/wp\/v2\/users\/1"}],"replies":[{"embeddable":true,"href":"https:\/\/mayarabandeira.com.br\/index.php?rest_route=%2Fwp%2Fv2%2Fcomments&post=468"}],"version-history":[{"count":77,"href":"https:\/\/mayarabandeira.com.br\/index.php?rest_route=\/wp\/v2\/pages\/468\/revisions"}],"predecessor-version":[{"id":556,"href":"https:\/\/mayarabandeira.com.br\/index.php?rest_route=\/wp\/v2\/pages\/468\/revisions\/556"}],"wp:attachment":[{"href":"https:\/\/mayarabandeira.com.br\/index.php?rest_route=%2Fwp%2Fv2%2Fmedia&parent=468"}],"curies":[{"name":"wp","href":"https:\/\/api.w.org\/{rel}","templated":true}]}}